{"id":802,"date":"2025-03-31T14:33:19","date_gmt":"2025-03-31T14:33:19","guid":{"rendered":"https:\/\/www.stampferhof.eu\/?page_id=802"},"modified":"2025-04-08T07:11:38","modified_gmt":"2025-04-08T07:11:38","slug":"colophon","status":"publish","type":"page","link":"https:\/\/www.stampferhof.eu\/it\/colophon\/","title":{"rendered":"Colophon"},"content":{"rendered":"\t\t<div data-elementor-type=\"wp-page\" data-elementor-id=\"802\" class=\"elementor elementor-802 elementor-500\" data-elementor-post-type=\"page\">\n\t\t\t\t<div class=\"elementor-element elementor-element-379b02b5 e-con-full e-flex e-con e-parent\" data-id=\"379b02b5\" data-element_type=\"container\">\n\t\t\t\t<div class=\"elementor-element elementor-element-7daa8961 entrance-carousell75 elementor--h-position-center elementor--v-position-middle elementor-pagination-position-inside elementor-widget elementor-widget-slides\" data-id=\"7daa8961\" data-element_type=\"widget\" data-settings=\"{&quot;navigation&quot;:&quot;dots&quot;,&quot;autoplay&quot;:&quot;yes&quot;,&quot;pause_on_hover&quot;:&quot;yes&quot;,&quot;pause_on_interaction&quot;:&quot;yes&quot;,&quot;autoplay_speed&quot;:5000,&quot;infinite&quot;:&quot;yes&quot;,&quot;transition&quot;:&quot;slide&quot;,&quot;transition_speed&quot;:500}\" data-widget_type=\"slides.default\">\n\t\t\t\t<div class=\"elementor-widget-container\">\n\t\t\t\t\t\t\t\t\t<div class=\"elementor-swiper\">\n\t\t\t\t\t<div class=\"elementor-slides-wrapper elementor-main-swiper swiper\" role=\"region\" aria-roledescription=\"carousel\" aria-label=\"Slider\" dir=\"ltr\" data-animation=\"fadeInUp\">\n\t\t\t\t<div class=\"swiper-wrapper elementor-slides\">\n\t\t\t\t\t\t\t\t\t\t<div class=\"elementor-repeater-item-eb3c057 swiper-slide\" role=\"group\" aria-roledescription=\"slide\"><div class=\"swiper-slide-bg\" role=\"img\"><\/div><div class=\"swiper-slide-inner\" ><div class=\"swiper-slide-contents\"><\/div><\/div><\/div>\t\t\t\t<\/div>\n\t\t\t\t\t\t\t<\/div>\n\t\t\t\t<\/div>\n\t\t\t\t\t\t\t\t<\/div>\n\t\t\t\t<\/div>\n\t\t\t\t<\/div>\n\t\t<div class=\"elementor-element elementor-element-2d7bb8c0 e-con-full p-b-l p-l-s p-r-s blacklink e-flex e-con e-parent\" data-id=\"2d7bb8c0\" data-element_type=\"container\">\n\t\t\t\t<div class=\"elementor-element elementor-element-672c3a44 elementor-widget elementor-widget-heading\" data-id=\"672c3a44\" data-element_type=\"widget\" data-widget_type=\"heading.default\">\n\t\t\t\t<div class=\"elementor-widget-container\">\n\t\t\t\t\t<h1 class=\"elementor-heading-title elementor-size-default\">Colophon<\/h1>\t\t\t\t<\/div>\n\t\t\t\t<\/div>\n\t\t\t\t<div class=\"elementor-element elementor-element-439834bf textwidth elementor-widget elementor-widget-text-editor\" data-id=\"439834bf\" data-element_type=\"widget\" data-widget_type=\"text-editor.default\">\n\t\t\t\t<div class=\"elementor-widget-container\">\n\t\t\t\t\t\t\t\t\t<div><strong style=\"font-family: -apple-system, BlinkMacSystemFont, 'Segoe UI', Roboto, 'Helvetica Neue', Arial, 'Noto Sans', sans-serif, 'Apple Color Emoji', 'Segoe UI Emoji', 'Segoe UI Symbol', 'Noto Color Emoji';\">Stampferhof<\/strong><\/div><div><div>Telves di Sotto 4<br \/>39040 Racines<\/div><div>T +39 389 0548377<\/div><div>info@stampferhof.eu<\/div><div>\u00a0<\/div><div>P.IVA 03222040218<br \/>Cod.Fisc. LNTFRN94A14M067Z<\/div><div>CIN-Code: IT021070B5P8XQO7AN<\/div><div>Cod. Dest. 7035UR5<\/div><p>Camera di commercio: Bolzano<br \/>Numero iscrizione camera di commercio: BZ &#8211; 242182<br \/>Numero REA: BZ &#8211; 242182<\/p><p><strong>Copyright per le immagini e grafiche utilizzate:<\/strong><\/p><p>Stampferhof<br \/>Balneum Sterzing &#8211; Klaus Peterlin<br \/>Rosskopf Sterzing &#8211; Patrick Schwienbacher<br \/>Tourismusverein Ratschings &#8211; Kottersteger<br \/><a href=\"https:\/\/www.freepik.com\/free-photo\/absolutely-adorable-pig-looking-up_18477250.htm#fromView=search&amp;page=1&amp;position=15&amp;uuid=72ea8381-ae1c-452a-9c07-3733d9929b38&amp;query=schwein\">Image by wirestock on Freepik<\/a><br \/><a href=\"https:\/\/www.freepik.com\/free-photo\/portrait-red-hen-chicken-coop-farm_16224885.htm#fromView=search&amp;page=4&amp;position=0&amp;uuid=7dc20296-d4bd-41dd-8bc0-fc4735b16bf6&amp;query=h%C3%BChner\">Image by wirestock on Freepik<\/a><\/p><p><strong>Risoluzione delle controversie\u00a0<\/strong><br \/>Informazioni obbligatorie ai sensi del Regolamento UE n. 524\/2013 del Parlamento e Consiglio europeo. Piattaforma per la risoluzione online delle controversie (ODR) della Commissione europea:<br \/><a href=\"https:\/\/ec.europa.eu\/consumers\/odr\/main\/?event=main.trader.register\" target=\"_blank\" rel=\"noopener\">https:\/\/ec.europa.eu\/consumers\/odr\/main\/?event=main.trader.register<\/a><\/p><p><strong>Concetto e realizzazione<\/strong><br \/>muwit d. sandra stablum<br \/>Citt\u00e1 Alta 60<br \/>39043 Chiusa<br \/>Tel.\u00a0<a href=\"tel:+39 347 1330206\">+39 347 1330206<\/a><br \/>Part. IVA 02730810211<br \/>Cod. fisc. STB SDR 88 A44 B160 S<br \/><a href=\"mailto:\">info@muwit.it<\/a><br \/><a href=\"..\/Vorlagen\/Datenschutz%20-%20Impressum\/HTML\/www.muwit.it\" target=\"_blank\" rel=\"noopener\">www.muwit.it<\/a><\/p><p><strong>Responsabile per il contenuto:<\/strong><br \/>Sandra Stablum<\/p><p><strong>Dichiarazione liberatoria:<br \/>Responsabilit\u00e0 per i contenuti<\/strong><\/p><p>I contenuti delle nostre pagine sono stati redatti, elaborati e controllati scrupolosamente. Tuttavia, non ci assumiamo nessuna responsabilit\u00e0 per la correttezza, qualit\u00e0, completezza e attualit\u00e0 dei contenuti, poich\u00e9 non \u00e8 da escludere che siano cambiati nel tempo. Come prestatori di servizi siamo responsabili per i contenuti di queste pagine in base alla normativa vigente. Nella nostra qualit\u00e0 di prestatori di servizi non siamo per\u00f2 obbligati a controllare l\u2019esattezza di informazioni ricevute o salvate da terzi, o a controllare se sussistano irregolarit\u00e0 che indichino un\u2019attivit\u00e0 illegale. L\u2019obbligo di rimuovere o bloccare l\u2019utilizzo di informazioni secondo la normativa vigente rimane valido. L\u2019assunzione di tale responsabilit\u00e0 \u00e8 tuttavia possibile solamente dopo il momento dell\u2019effettivo riconoscimento da parte nostra di una concreta violazione di diritto. Alla presa d\u2019atto di tali violazioni di legge provvederemo immediatamente alla rimozione dei contenuti in questione.<br \/>Si escludono di principio le rivendicazioni di responsabilit\u00e0 di qualsiasi tipo causate dall\u2019utilizzo di informazioni messe a disposizione, oppure da informazioni errate e\/o incomplete.<\/p><p><strong>Responsabilit\u00e0 per i link<\/strong><\/p><p>La nostra offerta contiene dei collegamenti ipertestuali con siti web esterni di terzi, sui cui contenuti non possiamo influire. Per questo motivo non forniamo nessuna garanzia sui contenuti dei siti web linkati, indipendentemente dal tipo e dalla natura. Ne \u00e8 responsabile solamente il relativo proprietario o gestore del sito. Un controllo permanente dei contenuti dei siti linkati al presente non \u00e8 fattibile senza concreti punti di riferimento. All\u2019avvenuta conoscenza d\u2019infrazioni contro la legge causate dai siti web linkati, i link in questione saranno subito rimossi.<\/p><p><strong>Copyright<\/strong><\/p><p>Tutti i contenuti e le opere creati dal web designer e dai gestori del sito sono protetti da copyright. La riproduzione, l\u2019alterazione, la distribuzione e qualsiasi forma di utilizzo, soprattutto per scopi commerciali, al di fuori dei limiti del diritto d\u2019autore, sono severamente vietate e ammesse esclusivamente previa autorizzazione scritta del relativo autore o creatore. Nel caso i contenuti di questa pagina non siano stati creati dal gestore, sono da rispettare i diritti di copyright di terzi. I contenuti redatti da terzi sono contrassegnati come tali. In caso doveste notare una violazione del copyright, vi preghiamo gentilmente di farci pervenire un\u2019apposita segnalazione. All\u2019atto di presa di conoscenza di tali violazioni di legge, i contenuti in questione saranno naturalmente rimossi subito, senza per\u00f2 assumerne nessuna responsabilit\u00e0.<\/p><\/div>\t\t\t\t\t\t\t\t<\/div>\n\t\t\t\t<\/div>\n\t\t\t\t<\/div>\n\t\t\t\t<\/div>\n\t\t","protected":false},"excerpt":{"rendered":"<p>Colophon StampferhofTelves di Sotto 439040 RacinesT +39 389 0548377info@stampferhof.eu\u00a0P.IVA 03222040218Cod.Fisc. LNTFRN94A14M067ZCIN-Code: IT021070B5P8XQO7ANCod. Dest. 7035UR5 Camera di commercio: BolzanoNumero iscrizione camera di commercio: BZ &#8211; 242182Numero REA: BZ &#8211; 242182 Copyright per le immagini e grafiche utilizzate: StampferhofBalneum Sterzing &#8211; Klaus PeterlinRosskopf Sterzing &#8211; Patrick SchwienbacherTourismusverein Ratschings &#8211; KotterstegerImage by wirestock on FreepikImage by wirestock on [&hellip;]<\/p>\n","protected":false},"author":1,"featured_media":0,"parent":0,"menu_order":0,"comment_status":"closed","ping_status":"closed","template":"","meta":{"footnotes":""},"class_list":["post-802","page","type-page","status-publish","hentry"],"yoast_head":"<!-- This site is optimized with the Yoast SEO plugin v24.8.1 - https:\/\/yoast.com\/wordpress\/plugins\/seo\/ -->\n<title>Colophon - stampferhof<\/title>\n<meta name=\"robots\" content=\"noindex, follow\" \/>\n<meta property=\"og:locale\" content=\"it_IT\" \/>\n<meta property=\"og:type\" content=\"article\" \/>\n<meta property=\"og:title\" content=\"Colophon - stampferhof\" \/>\n<meta property=\"og:description\" content=\"Colophon StampferhofTelves di Sotto 439040 RacinesT +39 389 0548377info@stampferhof.eu\u00a0P.IVA 03222040218Cod.Fisc. LNTFRN94A14M067ZCIN-Code: IT021070B5P8XQO7ANCod. Dest. 7035UR5 Camera di commercio: BolzanoNumero iscrizione camera di commercio: BZ &#8211; 242182Numero REA: BZ &#8211; 242182 Copyright per le immagini e grafiche utilizzate: StampferhofBalneum Sterzing &#8211; Klaus PeterlinRosskopf Sterzing &#8211; Patrick SchwienbacherTourismusverein Ratschings &#8211; KotterstegerImage by wirestock on FreepikImage by wirestock on [&hellip;]\" \/>\n<meta property=\"og:url\" content=\"https:\/\/www.stampferhof.eu\/it\/colophon\/\" \/>\n<meta property=\"og:site_name\" content=\"stampferhof\" \/>\n<meta property=\"article:modified_time\" content=\"2025-04-08T07:11:38+00:00\" \/>\n<meta property=\"og:image\" content=\"https:\/\/www.stampferhof.eu\/wp-content\/uploads\/2025\/04\/stampferhof-urlaub.jpg\" \/>\n\t<meta property=\"og:image:width\" content=\"1920\" \/>\n\t<meta property=\"og:image:height\" content=\"1280\" \/>\n\t<meta property=\"og:image:type\" content=\"image\/jpeg\" \/>\n<meta name=\"twitter:card\" content=\"summary_large_image\" \/>\n<meta name=\"twitter:label1\" content=\"Tempo di lettura stimato\" \/>\n\t<meta name=\"twitter:data1\" content=\"3 minuti\" \/>\n<script type=\"application\/ld+json\" class=\"yoast-schema-graph\">{\"@context\":\"https:\/\/schema.org\",\"@graph\":[{\"@type\":\"WebPage\",\"@id\":\"https:\/\/www.stampferhof.eu\/it\/colophon\/\",\"url\":\"https:\/\/www.stampferhof.eu\/it\/colophon\/\",\"name\":\"Colophon - stampferhof\",\"isPartOf\":{\"@id\":\"https:\/\/www.stampferhof.eu\/it\/#website\"},\"datePublished\":\"2025-03-31T14:33:19+00:00\",\"dateModified\":\"2025-04-08T07:11:38+00:00\",\"breadcrumb\":{\"@id\":\"https:\/\/www.stampferhof.eu\/it\/colophon\/#breadcrumb\"},\"inLanguage\":\"it-IT\",\"potentialAction\":[{\"@type\":\"ReadAction\",\"target\":[\"https:\/\/www.stampferhof.eu\/it\/colophon\/\"]}]},{\"@type\":\"BreadcrumbList\",\"@id\":\"https:\/\/www.stampferhof.eu\/it\/colophon\/#breadcrumb\",\"itemListElement\":[{\"@type\":\"ListItem\",\"position\":1,\"name\":\"Startseite\",\"item\":\"https:\/\/www.stampferhof.eu\/it\/home\/\"},{\"@type\":\"ListItem\",\"position\":2,\"name\":\"Colophon\"}]},{\"@type\":\"WebSite\",\"@id\":\"https:\/\/www.stampferhof.eu\/it\/#website\",\"url\":\"https:\/\/www.stampferhof.eu\/it\/\",\"name\":\"stampferhof\",\"description\":\"\",\"publisher\":{\"@id\":\"https:\/\/www.stampferhof.eu\/it\/#organization\"},\"potentialAction\":[{\"@type\":\"SearchAction\",\"target\":{\"@type\":\"EntryPoint\",\"urlTemplate\":\"https:\/\/www.stampferhof.eu\/it\/?s={search_term_string}\"},\"query-input\":{\"@type\":\"PropertyValueSpecification\",\"valueRequired\":true,\"valueName\":\"search_term_string\"}}],\"inLanguage\":\"it-IT\"},{\"@type\":\"Organization\",\"@id\":\"https:\/\/www.stampferhof.eu\/it\/#organization\",\"name\":\"Stampferhof\",\"url\":\"https:\/\/www.stampferhof.eu\/it\/\",\"logo\":{\"@type\":\"ImageObject\",\"inLanguage\":\"it-IT\",\"@id\":\"https:\/\/www.stampferhof.eu\/it\/#\/schema\/logo\/image\/\",\"url\":\"https:\/\/www.stampferhof.eu\/wp-content\/uploads\/2025\/03\/stampferhof-logo.svg\",\"contentUrl\":\"https:\/\/www.stampferhof.eu\/wp-content\/uploads\/2025\/03\/stampferhof-logo.svg\",\"width\":389,\"height\":216,\"caption\":\"Stampferhof\"},\"image\":{\"@id\":\"https:\/\/www.stampferhof.eu\/it\/#\/schema\/logo\/image\/\"}}]}<\/script>\n<!-- \/ Yoast SEO plugin. -->","yoast_head_json":{"title":"Colophon - stampferhof","robots":{"index":"noindex","follow":"follow"},"og_locale":"it_IT","og_type":"article","og_title":"Colophon - stampferhof","og_description":"Colophon StampferhofTelves di Sotto 439040 RacinesT +39 389 0548377info@stampferhof.eu\u00a0P.IVA 03222040218Cod.Fisc. LNTFRN94A14M067ZCIN-Code: IT021070B5P8XQO7ANCod. Dest. 7035UR5 Camera di commercio: BolzanoNumero iscrizione camera di commercio: BZ &#8211; 242182Numero REA: BZ &#8211; 242182 Copyright per le immagini e grafiche utilizzate: StampferhofBalneum Sterzing &#8211; Klaus PeterlinRosskopf Sterzing &#8211; Patrick SchwienbacherTourismusverein Ratschings &#8211; KotterstegerImage by wirestock on FreepikImage by wirestock on [&hellip;]","og_url":"https:\/\/www.stampferhof.eu\/it\/colophon\/","og_site_name":"stampferhof","article_modified_time":"2025-04-08T07:11:38+00:00","og_image":[{"width":1920,"height":1280,"url":"https:\/\/www.stampferhof.eu\/wp-content\/uploads\/2025\/04\/stampferhof-urlaub.jpg","type":"image\/jpeg"}],"twitter_card":"summary_large_image","twitter_misc":{"Tempo di lettura stimato":"3 minuti"},"schema":{"@context":"https:\/\/schema.org","@graph":[{"@type":"WebPage","@id":"https:\/\/www.stampferhof.eu\/it\/colophon\/","url":"https:\/\/www.stampferhof.eu\/it\/colophon\/","name":"Colophon - stampferhof","isPartOf":{"@id":"https:\/\/www.stampferhof.eu\/it\/#website"},"datePublished":"2025-03-31T14:33:19+00:00","dateModified":"2025-04-08T07:11:38+00:00","breadcrumb":{"@id":"https:\/\/www.stampferhof.eu\/it\/colophon\/#breadcrumb"},"inLanguage":"it-IT","potentialAction":[{"@type":"ReadAction","target":["https:\/\/www.stampferhof.eu\/it\/colophon\/"]}]},{"@type":"BreadcrumbList","@id":"https:\/\/www.stampferhof.eu\/it\/colophon\/#breadcrumb","itemListElement":[{"@type":"ListItem","position":1,"name":"Startseite","item":"https:\/\/www.stampferhof.eu\/it\/home\/"},{"@type":"ListItem","position":2,"name":"Colophon"}]},{"@type":"WebSite","@id":"https:\/\/www.stampferhof.eu\/it\/#website","url":"https:\/\/www.stampferhof.eu\/it\/","name":"stampferhof","description":"","publisher":{"@id":"https:\/\/www.stampferhof.eu\/it\/#organization"},"potentialAction":[{"@type":"SearchAction","target":{"@type":"EntryPoint","urlTemplate":"https:\/\/www.stampferhof.eu\/it\/?s={search_term_string}"},"query-input":{"@type":"PropertyValueSpecification","valueRequired":true,"valueName":"search_term_string"}}],"inLanguage":"it-IT"},{"@type":"Organization","@id":"https:\/\/www.stampferhof.eu\/it\/#organization","name":"Stampferhof","url":"https:\/\/www.stampferhof.eu\/it\/","logo":{"@type":"ImageObject","inLanguage":"it-IT","@id":"https:\/\/www.stampferhof.eu\/it\/#\/schema\/logo\/image\/","url":"https:\/\/www.stampferhof.eu\/wp-content\/uploads\/2025\/03\/stampferhof-logo.svg","contentUrl":"https:\/\/www.stampferhof.eu\/wp-content\/uploads\/2025\/03\/stampferhof-logo.svg","width":389,"height":216,"caption":"Stampferhof"},"image":{"@id":"https:\/\/www.stampferhof.eu\/it\/#\/schema\/logo\/image\/"}}]}},"_links":{"self":[{"href":"https:\/\/www.stampferhof.eu\/it\/wp-json\/wp\/v2\/pages\/802","targetHints":{"allow":["GET"]}}],"collection":[{"href":"https:\/\/www.stampferhof.eu\/it\/wp-json\/wp\/v2\/pages"}],"about":[{"href":"https:\/\/www.stampferhof.eu\/it\/wp-json\/wp\/v2\/types\/page"}],"author":[{"embeddable":true,"href":"https:\/\/www.stampferhof.eu\/it\/wp-json\/wp\/v2\/users\/1"}],"replies":[{"embeddable":true,"href":"https:\/\/www.stampferhof.eu\/it\/wp-json\/wp\/v2\/comments?post=802"}],"version-history":[{"count":0,"href":"https:\/\/www.stampferhof.eu\/it\/wp-json\/wp\/v2\/pages\/802\/revisions"}],"wp:attachment":[{"href":"https:\/\/www.stampferhof.eu\/it\/wp-json\/wp\/v2\/media?parent=802"}],"curies":[{"name":"wp","href":"https:\/\/api.w.org\/{rel}","templated":true}]}}